{"id":15464,"date":"2014-03-28T10:11:36","date_gmt":"2014-03-28T10:11:36","guid":{"rendered":"https:\/\/www.canberrivell.es\/home-7\/"},"modified":"2023-04-18T07:25:24","modified_gmt":"2023-04-18T07:25:24","slug":"home","status":"publish","type":"page","link":"https:\/\/www.canberrivell.es\/ca\/","title":{"rendered":"Home"},"content":{"rendered":"<div class=\"wpb-content-wrapper\"><p>[vc_row row_type=&#8221;row&#8221; type=&#8221;grid&#8221; text_align=&#8221;center&#8221; padding_top=&#8221;87&#8243; padding_bottom=&#8221;34&#8243; background_color=&#8221;#ffffff&#8221; background_image=&#8221;15259&#8243; el_class=&#8221;home1&#8243; anchor=&#8221;Bienvenidos&#8221;][vc_column width=&#8221;1\/1&#8243; el_class=&#8221;georgiahome&#8221;][vc_column_text]<\/p>\n<h2 style=\"text-align: center;\"><a href=\"https:\/\/www.canberrivell.es\/wp-content\/uploads\/2014\/03\/30anoscanberri.png\"><img loading=\"lazy\" decoding=\"async\" class=\"alignnone size-medium wp-image-15298\" src=\"https:\/\/www.canberrivell.es\/wp-content\/uploads\/2014\/03\/30anoscanberri-300x199.png\" alt=\"30anoscanberri\" width=\"300\" height=\"199\" srcset=\"https:\/\/www.canberrivell.es\/wp-content\/uploads\/2014\/03\/30anoscanberri-300x199.png 300w, https:\/\/www.canberrivell.es\/wp-content\/uploads\/2014\/03\/30anoscanberri-480x320.png 480w, https:\/\/www.canberrivell.es\/wp-content\/uploads\/2014\/03\/30anoscanberri.png 550w\" sizes=\"auto, (max-width: 300px) 100vw, 300px\" \/><\/a><\/h2>\n<p>&nbsp;<\/p>\n<h2 style=\"text-align: center;\">30 Anys Restaurant Can Berri Vell<\/h2>\n<p>&nbsp;<\/p>\n<p>&nbsp;<\/p>\n<p style=\"text-align: center;\">Can Berri Vell ja est\u00e0 documentada com a vivenda familiar al segle XVII. I naltros hem conservat tant l&#8217;entorn com el nom que fan de la casa un lloc aut\u00e8nticament eivissenc, arrelat a la tradici\u00f3 i al paisatge que l&#8217;han forjat. Nom\u00e9s mirar al nostro voltant descobrim la casa, els materials i els objectes quotidians que, al llarg de la hist\u00f2ria, han fet de naltros el que ara som.<\/p>\n<p>La casa es troba situada ple epicentre del poble de Sant Agust\u00ed des Vedr\u00e0 a l&#8217;illa d&#8217;Eivissa. Enfront de Can Berri Vell es troba l&#8217;esgl\u00e9sia d&#8217;arquitectura t\u00edpicament eivissenca. Pedra i cal\u00e7 s&#8217;integren a la perfecci\u00f3 amb el paisatge del camp eivissenc.<\/p>\n<p>[\/vc_column_text][\/vc_column][\/vc_row]<\/p>\n<\/div>","protected":false},"excerpt":{"rendered":"<p>[vc_row row_type=&#8221;row&#8221; type=&#8221;grid&#8221; text_align=&#8221;center&#8221; padding_top=&#8221;87&#8243; padding_bottom=&#8221;34&#8243; background_color=&#8221;#ffffff&#8221; background_image=&#8221;15259&#8243; el_class=&#8221;home1&#8243; anchor=&#8221;Bienvenidos&#8221;][vc_column width=&#8221;1\/1&#8243; el_class=&#8221;georgiahome&#8221;][vc_column_text] &nbsp; 30 Anys Restaurant Can Berri Vell &nbsp; &nbsp; Can Berri Vell ja est\u00e0 documentada com a vivenda familiar al segle XVII. I naltros hem conservat tant l&#8217;entorn com el nom que fan&#8230;<\/p>\n","protected":false},"author":1,"featured_media":0,"parent":0,"menu_order":0,"comment_status":"open","ping_status":"closed","template":"full_width.php","meta":{"footnotes":""},"class_list":["post-15464","page","type-page","status-publish","hentry"],"yoast_head":"<!-- This site is optimized with the Yoast SEO plugin v26.7 - https:\/\/yoast.com\/wordpress\/plugins\/seo\/ -->\n<title>Restaurante Can Berri Vell - Ibiza<\/title>\n<meta name=\"description\" content=\"Una casa tradicional eivissenca del S. XVII, un entorn de gran bellesa i autenticitat, una cuina creativa. Restaurant Can Berri Vell a Sant Agust\u00ed, Eivissa.\" \/>\n<meta name=\"robots\" content=\"index, follow, max-snippet:-1, max-image-preview:large, max-video-preview:-1\" \/>\n<link rel=\"canonical\" href=\"https:\/\/www.canberrivell.es\/ca\/home\/\" \/>\n<meta property=\"og:locale\" content=\"ca_ES\" \/>\n<meta property=\"og:type\" content=\"article\" \/>\n<meta property=\"og:title\" content=\"Restaurante Can Berri Vell - Ibiza\" \/>\n<meta property=\"og:description\" content=\"Una casa tradicional eivissenca del S. XVII, un entorn de gran bellesa i autenticitat, una cuina creativa. Restaurant Can Berri Vell a Sant Agust\u00ed, Eivissa.\" \/>\n<meta property=\"og:url\" content=\"https:\/\/www.canberrivell.es\/ca\/home\/\" \/>\n<meta property=\"og:site_name\" content=\"Restaurante Can Berri Vell Ibiza\" \/>\n<meta property=\"article:publisher\" content=\"https:\/\/www.facebook.com\/RestauranteCanBerriVell\" \/>\n<meta property=\"article:modified_time\" content=\"2023-04-18T07:25:24+00:00\" \/>\n<meta property=\"og:image\" content=\"https:\/\/www.canberrivell.es\/wp-content\/uploads\/2014\/03\/30anoscanberri.png\" \/>\n\t<meta property=\"og:image:width\" content=\"550\" \/>\n\t<meta property=\"og:image:height\" content=\"365\" \/>\n\t<meta property=\"og:image:type\" content=\"image\/png\" \/>\n<meta name=\"twitter:label1\" content=\"Temps estimat de lectura\" \/>\n\t<meta name=\"twitter:data1\" content=\"1 minut\" \/>\n<script type=\"application\/ld+json\" class=\"yoast-schema-graph\">{\"@context\":\"https:\/\/schema.org\",\"@graph\":[{\"@type\":\"WebPage\",\"@id\":\"https:\/\/www.canberrivell.es\/ca\/home\/\",\"url\":\"https:\/\/www.canberrivell.es\/ca\/home\/\",\"name\":\"Restaurante Can Berri Vell - Ibiza\",\"isPartOf\":{\"@id\":\"https:\/\/www.canberrivell.es\/#website\"},\"primaryImageOfPage\":{\"@id\":\"https:\/\/www.canberrivell.es\/ca\/home\/#primaryimage\"},\"image\":{\"@id\":\"https:\/\/www.canberrivell.es\/ca\/home\/#primaryimage\"},\"thumbnailUrl\":\"https:\/\/www.canberrivell.es\/wp-content\/uploads\/2014\/03\/30anoscanberri-300x199.png\",\"datePublished\":\"2014-03-28T10:11:36+00:00\",\"dateModified\":\"2023-04-18T07:25:24+00:00\",\"description\":\"Una casa tradicional eivissenca del S. XVII, un entorn de gran bellesa i autenticitat, una cuina creativa. Restaurant Can Berri Vell a Sant Agust\u00ed, Eivissa.\",\"breadcrumb\":{\"@id\":\"https:\/\/www.canberrivell.es\/ca\/home\/#breadcrumb\"},\"inLanguage\":\"ca\",\"potentialAction\":[{\"@type\":\"ReadAction\",\"target\":[\"https:\/\/www.canberrivell.es\/ca\/home\/\"]}]},{\"@type\":\"ImageObject\",\"inLanguage\":\"ca\",\"@id\":\"https:\/\/www.canberrivell.es\/ca\/home\/#primaryimage\",\"url\":\"https:\/\/www.canberrivell.es\/wp-content\/uploads\/2014\/03\/30anoscanberri-300x199.png\",\"contentUrl\":\"https:\/\/www.canberrivell.es\/wp-content\/uploads\/2014\/03\/30anoscanberri-300x199.png\"},{\"@type\":\"BreadcrumbList\",\"@id\":\"https:\/\/www.canberrivell.es\/ca\/home\/#breadcrumb\",\"itemListElement\":[{\"@type\":\"ListItem\",\"position\":1,\"name\":\"Portada\",\"item\":\"https:\/\/www.canberrivell.es\/ca\/home\/\"},{\"@type\":\"ListItem\",\"position\":2,\"name\":\"Home\"}]},{\"@type\":\"WebSite\",\"@id\":\"https:\/\/www.canberrivell.es\/#website\",\"url\":\"https:\/\/www.canberrivell.es\/\",\"name\":\"Restaurante Can Berri Vell Ibiza\",\"description\":\"Sant Agust\u00ed\",\"publisher\":{\"@id\":\"https:\/\/www.canberrivell.es\/#organization\"},\"potentialAction\":[{\"@type\":\"SearchAction\",\"target\":{\"@type\":\"EntryPoint\",\"urlTemplate\":\"https:\/\/www.canberrivell.es\/?s={search_term_string}\"},\"query-input\":{\"@type\":\"PropertyValueSpecification\",\"valueRequired\":true,\"valueName\":\"search_term_string\"}}],\"inLanguage\":\"ca\"},{\"@type\":\"Organization\",\"@id\":\"https:\/\/www.canberrivell.es\/#organization\",\"name\":\"Restaurante Can Berri Vell Ibiza\",\"url\":\"https:\/\/www.canberrivell.es\/\",\"logo\":{\"@type\":\"ImageObject\",\"inLanguage\":\"ca\",\"@id\":\"https:\/\/www.canberrivell.es\/#\/schema\/logo\/image\/\",\"url\":\"https:\/\/www.canberrivell.es\/wp-content\/uploads\/2014\/05\/logo_dark.png\",\"contentUrl\":\"https:\/\/www.canberrivell.es\/wp-content\/uploads\/2014\/05\/logo_dark.png\",\"width\":350,\"height\":100,\"caption\":\"Restaurante Can Berri Vell Ibiza\"},\"image\":{\"@id\":\"https:\/\/www.canberrivell.es\/#\/schema\/logo\/image\/\"},\"sameAs\":[\"https:\/\/www.facebook.com\/RestauranteCanBerriVell\",\"https:\/\/x.com\/canberrivell\",\"http:\/\/instagram.com\/canberrivell\",\"http:\/\/www.tripadvisor.es\/Restaurant_Review-g1906025-d2693469-Reviews-Can_Berri_Vell-San_Agusti_des_Vedra_Ibiza_Balearic_Islands.html\"]}]}<\/script>\n<!-- \/ Yoast SEO plugin. -->","yoast_head_json":{"title":"Restaurante Can Berri Vell - Ibiza","description":"Una casa tradicional eivissenca del S. XVII, un entorn de gran bellesa i autenticitat, una cuina creativa. Restaurant Can Berri Vell a Sant Agust\u00ed, Eivissa.","robots":{"index":"index","follow":"follow","max-snippet":"max-snippet:-1","max-image-preview":"max-image-preview:large","max-video-preview":"max-video-preview:-1"},"canonical":"https:\/\/www.canberrivell.es\/ca\/home\/","og_locale":"ca_ES","og_type":"article","og_title":"Restaurante Can Berri Vell - Ibiza","og_description":"Una casa tradicional eivissenca del S. XVII, un entorn de gran bellesa i autenticitat, una cuina creativa. Restaurant Can Berri Vell a Sant Agust\u00ed, Eivissa.","og_url":"https:\/\/www.canberrivell.es\/ca\/home\/","og_site_name":"Restaurante Can Berri Vell Ibiza","article_publisher":"https:\/\/www.facebook.com\/RestauranteCanBerriVell","article_modified_time":"2023-04-18T07:25:24+00:00","og_image":[{"width":550,"height":365,"url":"https:\/\/www.canberrivell.es\/wp-content\/uploads\/2014\/03\/30anoscanberri.png","type":"image\/png"}],"twitter_misc":{"Temps estimat de lectura":"1 minut"},"schema":{"@context":"https:\/\/schema.org","@graph":[{"@type":"WebPage","@id":"https:\/\/www.canberrivell.es\/ca\/home\/","url":"https:\/\/www.canberrivell.es\/ca\/home\/","name":"Restaurante Can Berri Vell - Ibiza","isPartOf":{"@id":"https:\/\/www.canberrivell.es\/#website"},"primaryImageOfPage":{"@id":"https:\/\/www.canberrivell.es\/ca\/home\/#primaryimage"},"image":{"@id":"https:\/\/www.canberrivell.es\/ca\/home\/#primaryimage"},"thumbnailUrl":"https:\/\/www.canberrivell.es\/wp-content\/uploads\/2014\/03\/30anoscanberri-300x199.png","datePublished":"2014-03-28T10:11:36+00:00","dateModified":"2023-04-18T07:25:24+00:00","description":"Una casa tradicional eivissenca del S. XVII, un entorn de gran bellesa i autenticitat, una cuina creativa. Restaurant Can Berri Vell a Sant Agust\u00ed, Eivissa.","breadcrumb":{"@id":"https:\/\/www.canberrivell.es\/ca\/home\/#breadcrumb"},"inLanguage":"ca","potentialAction":[{"@type":"ReadAction","target":["https:\/\/www.canberrivell.es\/ca\/home\/"]}]},{"@type":"ImageObject","inLanguage":"ca","@id":"https:\/\/www.canberrivell.es\/ca\/home\/#primaryimage","url":"https:\/\/www.canberrivell.es\/wp-content\/uploads\/2014\/03\/30anoscanberri-300x199.png","contentUrl":"https:\/\/www.canberrivell.es\/wp-content\/uploads\/2014\/03\/30anoscanberri-300x199.png"},{"@type":"BreadcrumbList","@id":"https:\/\/www.canberrivell.es\/ca\/home\/#breadcrumb","itemListElement":[{"@type":"ListItem","position":1,"name":"Portada","item":"https:\/\/www.canberrivell.es\/ca\/home\/"},{"@type":"ListItem","position":2,"name":"Home"}]},{"@type":"WebSite","@id":"https:\/\/www.canberrivell.es\/#website","url":"https:\/\/www.canberrivell.es\/","name":"Restaurante Can Berri Vell Ibiza","description":"Sant Agust\u00ed","publisher":{"@id":"https:\/\/www.canberrivell.es\/#organization"},"potentialAction":[{"@type":"SearchAction","target":{"@type":"EntryPoint","urlTemplate":"https:\/\/www.canberrivell.es\/?s={search_term_string}"},"query-input":{"@type":"PropertyValueSpecification","valueRequired":true,"valueName":"search_term_string"}}],"inLanguage":"ca"},{"@type":"Organization","@id":"https:\/\/www.canberrivell.es\/#organization","name":"Restaurante Can Berri Vell Ibiza","url":"https:\/\/www.canberrivell.es\/","logo":{"@type":"ImageObject","inLanguage":"ca","@id":"https:\/\/www.canberrivell.es\/#\/schema\/logo\/image\/","url":"https:\/\/www.canberrivell.es\/wp-content\/uploads\/2014\/05\/logo_dark.png","contentUrl":"https:\/\/www.canberrivell.es\/wp-content\/uploads\/2014\/05\/logo_dark.png","width":350,"height":100,"caption":"Restaurante Can Berri Vell Ibiza"},"image":{"@id":"https:\/\/www.canberrivell.es\/#\/schema\/logo\/image\/"},"sameAs":["https:\/\/www.facebook.com\/RestauranteCanBerriVell","https:\/\/x.com\/canberrivell","http:\/\/instagram.com\/canberrivell","http:\/\/www.tripadvisor.es\/Restaurant_Review-g1906025-d2693469-Reviews-Can_Berri_Vell-San_Agusti_des_Vedra_Ibiza_Balearic_Islands.html"]}]}},"_links":{"self":[{"href":"https:\/\/www.canberrivell.es\/ca\/wp-json\/wp\/v2\/pages\/15464","targetHints":{"allow":["GET"]}}],"collection":[{"href":"https:\/\/www.canberrivell.es\/ca\/wp-json\/wp\/v2\/pages"}],"about":[{"href":"https:\/\/www.canberrivell.es\/ca\/wp-json\/wp\/v2\/types\/page"}],"author":[{"embeddable":true,"href":"https:\/\/www.canberrivell.es\/ca\/wp-json\/wp\/v2\/users\/1"}],"replies":[{"embeddable":true,"href":"https:\/\/www.canberrivell.es\/ca\/wp-json\/wp\/v2\/comments?post=15464"}],"version-history":[{"count":0,"href":"https:\/\/www.canberrivell.es\/ca\/wp-json\/wp\/v2\/pages\/15464\/revisions"}],"wp:attachment":[{"href":"https:\/\/www.canberrivell.es\/ca\/wp-json\/wp\/v2\/media?parent=15464"}],"curies":[{"name":"wp","href":"https:\/\/api.w.org\/{rel}","templated":true}]}}